{"id":744,"date":"2023-12-05T12:27:00","date_gmt":"2023-12-05T10:27:00","guid":{"rendered":"https:\/\/arotech.fi\/?post_type=product&#038;p=744"},"modified":"2026-01-12T10:23:46","modified_gmt":"2026-01-12T08:23:46","slug":"akemi-cleaner-i","status":"publish","type":"product","link":"https:\/\/arotech.fi\/en\/product\/akemi-cleaner-i\/","title":{"rendered":"Akemi Cleaner I &#8211; Puhdistusaine"},"content":{"rendered":"","protected":false},"excerpt":{"rendered":"<p>Liuotinpohjainen puhdistusaine kivelle ja ty\u00f6kaluille. Teho perustuu alkoholiin, joten sopii l\u00e4hes kaikille pinnoille. Hyv\u00e4 puhdistusaine kivelle tuotannon j\u00e4lkeen, ennen suoja-aineen k\u00e4ytt\u00f6\u00e4. Liuottaa v\u00e4h\u00e4iset rasvat (kuten sormenj\u00e4ljet) ja kovettumattomat liima tahrat.<\/p>\n<p>Pakkauskoko 1000 ml.<\/p>\n<p>No: 907015<\/p>","protected":false},"featured_media":1718,"template":"","meta":{"_et_pb_use_builder":"","_et_pb_old_content":"","_et_gb_content_width":""},"product_brand":[],"product_cat":[15],"product_tag":[],"class_list":{"0":"post-744","1":"product","2":"type-product","3":"status-publish","4":"has-post-thumbnail","6":"product_cat-yleinen","8":"first","9":"instock","10":"shipping-taxable","11":"purchasable","12":"product-type-simple"},"_links":{"self":[{"href":"https:\/\/arotech.fi\/en\/wp-json\/wp\/v2\/product\/744","targetHints":{"allow":["GET"]}}],"collection":[{"href":"https:\/\/arotech.fi\/en\/wp-json\/wp\/v2\/product"}],"about":[{"href":"https:\/\/arotech.fi\/en\/wp-json\/wp\/v2\/types\/product"}],"wp:featuredmedia":[{"embeddable":true,"href":"https:\/\/arotech.fi\/en\/wp-json\/wp\/v2\/media\/1718"}],"wp:attachment":[{"href":"https:\/\/arotech.fi\/en\/wp-json\/wp\/v2\/media?parent=744"}],"wp:term":[{"taxonomy":"product_brand","embeddable":true,"href":"https:\/\/arotech.fi\/en\/wp-json\/wp\/v2\/product_brand?post=744"},{"taxonomy":"product_cat","embeddable":true,"href":"https:\/\/arotech.fi\/en\/wp-json\/wp\/v2\/product_cat?post=744"},{"taxonomy":"product_tag","embeddable":true,"href":"https:\/\/arotech.fi\/en\/wp-json\/wp\/v2\/product_tag?post=744"}],"curies":[{"name":"wp","href":"https:\/\/api.w.org\/{rel}","templated":true}]}}