{"id":743,"date":"2023-12-05T12:25:41","date_gmt":"2023-12-05T10:25:41","guid":{"rendered":"https:\/\/arotech.fi\/?post_type=product&#038;p=743"},"modified":"2026-01-12T10:24:11","modified_gmt":"2026-01-12T08:24:11","slug":"akemi-cleaner-a","status":"publish","type":"product","link":"https:\/\/arotech.fi\/en\/product\/akemi-cleaner-a\/","title":{"rendered":"Akemi Cleaner A &#8211; Puhdistusaine"},"content":{"rendered":"","protected":false},"excerpt":{"rendered":"<p>Liuotinpohjainen puhdistusaine kivelle ja ty\u00f6kaluille. Vahva puhdistusteho perustuu ketoneihin ja tuote haihtuu eritt\u00e4in nopeasti, joten se on hyv\u00e4 pintojen syv\u00e4puhdistukseen esimerkiksi ennen liiman k\u00e4ytt\u00f6\u00e4. Ei sovellu muovisille tai maalatuille pinnoille.<\/p>\n<p>Pakkauskoko 1000 ml.<\/p>\n<p>No: 908012<\/p>","protected":false},"featured_media":1720,"template":"","meta":{"_et_pb_use_builder":"","_et_pb_old_content":"","_et_gb_content_width":""},"product_brand":[],"product_cat":[15],"product_tag":[],"class_list":{"0":"post-743","1":"product","2":"type-product","3":"status-publish","4":"has-post-thumbnail","6":"product_cat-yleinen","8":"first","9":"instock","10":"shipping-taxable","11":"purchasable","12":"product-type-simple"},"_links":{"self":[{"href":"https:\/\/arotech.fi\/en\/wp-json\/wp\/v2\/product\/743","targetHints":{"allow":["GET"]}}],"collection":[{"href":"https:\/\/arotech.fi\/en\/wp-json\/wp\/v2\/product"}],"about":[{"href":"https:\/\/arotech.fi\/en\/wp-json\/wp\/v2\/types\/product"}],"wp:featuredmedia":[{"embeddable":true,"href":"https:\/\/arotech.fi\/en\/wp-json\/wp\/v2\/media\/1720"}],"wp:attachment":[{"href":"https:\/\/arotech.fi\/en\/wp-json\/wp\/v2\/media?parent=743"}],"wp:term":[{"taxonomy":"product_brand","embeddable":true,"href":"https:\/\/arotech.fi\/en\/wp-json\/wp\/v2\/product_brand?post=743"},{"taxonomy":"product_cat","embeddable":true,"href":"https:\/\/arotech.fi\/en\/wp-json\/wp\/v2\/product_cat?post=743"},{"taxonomy":"product_tag","embeddable":true,"href":"https:\/\/arotech.fi\/en\/wp-json\/wp\/v2\/product_tag?post=743"}],"curies":[{"name":"wp","href":"https:\/\/api.w.org\/{rel}","templated":true}]}}