{"id":742,"date":"2023-12-05T13:47:12","date_gmt":"2023-12-05T11:47:12","guid":{"rendered":"https:\/\/arotech.fi\/?post_type=product&#038;p=742"},"modified":"2026-01-12T10:09:26","modified_gmt":"2026-01-12T08:09:26","slug":"akemi-quartz-polish","status":"publish","type":"product","link":"https:\/\/arotech.fi\/en\/product\/akemi-quartz-polish\/","title":{"rendered":"Akemi Quartz Polish &#8211; Suoja-aine Kvartsille"},"content":{"rendered":"","protected":false},"excerpt":{"rendered":"<p>Suoja-aine ajoittaiseen k\u00e4ytt\u00f6\u00f6n keitti\u00f6\u00f6n ja erityisesti kiillotetuille kvartsipinnoille. K\u00e4y my\u00f6s keraamisille liesille. J\u00e4tt\u00e4\u00e4 suojaavan kerroksen joka on elintarviketurvallinen kuivuttuaan.<\/p>\n<p>K\u00e4ytt\u00f6valmis liuos. Pakkauskoko 1000 ml.<\/p>\n<p>No: 907945<\/p>","protected":false},"featured_media":1721,"template":"","meta":{"_et_pb_use_builder":"","_et_pb_old_content":"","_et_gb_content_width":""},"product_brand":[],"product_cat":[15],"product_tag":[],"class_list":{"0":"post-742","1":"product","2":"type-product","3":"status-publish","4":"has-post-thumbnail","6":"product_cat-yleinen","8":"first","9":"instock","10":"shipping-taxable","11":"purchasable","12":"product-type-simple"},"_links":{"self":[{"href":"https:\/\/arotech.fi\/en\/wp-json\/wp\/v2\/product\/742","targetHints":{"allow":["GET"]}}],"collection":[{"href":"https:\/\/arotech.fi\/en\/wp-json\/wp\/v2\/product"}],"about":[{"href":"https:\/\/arotech.fi\/en\/wp-json\/wp\/v2\/types\/product"}],"wp:featuredmedia":[{"embeddable":true,"href":"https:\/\/arotech.fi\/en\/wp-json\/wp\/v2\/media\/1721"}],"wp:attachment":[{"href":"https:\/\/arotech.fi\/en\/wp-json\/wp\/v2\/media?parent=742"}],"wp:term":[{"taxonomy":"product_brand","embeddable":true,"href":"https:\/\/arotech.fi\/en\/wp-json\/wp\/v2\/product_brand?post=742"},{"taxonomy":"product_cat","embeddable":true,"href":"https:\/\/arotech.fi\/en\/wp-json\/wp\/v2\/product_cat?post=742"},{"taxonomy":"product_tag","embeddable":true,"href":"https:\/\/arotech.fi\/en\/wp-json\/wp\/v2\/product_tag?post=742"}],"curies":[{"name":"wp","href":"https:\/\/api.w.org\/{rel}","templated":true}]}}