{"id":740,"date":"2023-12-05T13:49:44","date_gmt":"2023-12-05T11:49:44","guid":{"rendered":"https:\/\/arotech.fi\/?post_type=product&#038;p=740"},"modified":"2026-01-12T10:08:49","modified_gmt":"2026-01-12T08:08:49","slug":"akemi-quartz-clean-care-suihke","status":"publish","type":"product","link":"https:\/\/arotech.fi\/en\/product\/akemi-quartz-clean-care-suihke\/","title":{"rendered":"Akemi Quartz Clean &#038; Care suihke &#8211; Puhdistus- ja Suoja-aine Kvartsille"},"content":{"rendered":"","protected":false},"excerpt":{"rendered":"<p>K\u00e4ytt\u00f6valmis suihke ajoittaiseen puhdistukseen erityisesti karkeille ja mattapintaisille kvartsitasoille. Ei j\u00e4t\u00e4 kerrosta, mutta silti antaa kevyen suojan likaa vastaan.<\/p>\n<p>Pakkauskoko 500 ml.<\/p>\n<p>No: 907951<\/p>","protected":false},"featured_media":1724,"template":"","meta":{"_et_pb_use_builder":"","_et_pb_old_content":"","_et_gb_content_width":""},"product_brand":[],"product_cat":[15],"product_tag":[],"class_list":{"0":"post-740","1":"product","2":"type-product","3":"status-publish","4":"has-post-thumbnail","6":"product_cat-yleinen","8":"first","9":"instock","10":"shipping-taxable","11":"purchasable","12":"product-type-simple"},"_links":{"self":[{"href":"https:\/\/arotech.fi\/en\/wp-json\/wp\/v2\/product\/740","targetHints":{"allow":["GET"]}}],"collection":[{"href":"https:\/\/arotech.fi\/en\/wp-json\/wp\/v2\/product"}],"about":[{"href":"https:\/\/arotech.fi\/en\/wp-json\/wp\/v2\/types\/product"}],"wp:featuredmedia":[{"embeddable":true,"href":"https:\/\/arotech.fi\/en\/wp-json\/wp\/v2\/media\/1724"}],"wp:attachment":[{"href":"https:\/\/arotech.fi\/en\/wp-json\/wp\/v2\/media?parent=740"}],"wp:term":[{"taxonomy":"product_brand","embeddable":true,"href":"https:\/\/arotech.fi\/en\/wp-json\/wp\/v2\/product_brand?post=740"},{"taxonomy":"product_cat","embeddable":true,"href":"https:\/\/arotech.fi\/en\/wp-json\/wp\/v2\/product_cat?post=740"},{"taxonomy":"product_tag","embeddable":true,"href":"https:\/\/arotech.fi\/en\/wp-json\/wp\/v2\/product_tag?post=740"}],"curies":[{"name":"wp","href":"https:\/\/api.w.org\/{rel}","templated":true}]}}