{"id":734,"date":"2023-12-05T10:32:26","date_gmt":"2023-12-05T08:32:26","guid":{"rendered":"https:\/\/arotech.fi\/?post_type=product&#038;p=734"},"modified":"2026-01-12T10:26:52","modified_gmt":"2026-01-12T08:26:52","slug":"akemi-natural-stone-basic-cleaner","status":"publish","type":"product","link":"https:\/\/arotech.fi\/en\/product\/akemi-natural-stone-basic-cleaner\/","title":{"rendered":"Akemi Natural Stone Basic Cleaner- Yll\u00e4pit\u00e4v\u00e4 Puhdistusaine"},"content":{"rendered":"","protected":false},"excerpt":{"rendered":"<p>Elintarviketurvallinen puhdistusaine pienemmille pinnoille keitti\u00f6 ja saniteettitiloihin. Syv\u00e4puhdistaa kivest\u00e4 ruokaj\u00e4m\u00e4t ja lian sek\u00e4 ohuen kerroksen kiillotusaineista, vahasta, \u00f6ljyst\u00e4 ja rasvasta,<\/p>\n<p>Valmis k\u00e4ytt\u00f6liuos 500 ml suihkepullossa.<\/p>\n<p>No: 907838<\/p>","protected":false},"featured_media":1730,"template":"","meta":{"_et_pb_use_builder":"","_et_pb_old_content":"","_et_gb_content_width":""},"product_brand":[],"product_cat":[15],"product_tag":[],"class_list":{"0":"post-734","1":"product","2":"type-product","3":"status-publish","4":"has-post-thumbnail","6":"product_cat-yleinen","8":"first","9":"instock","10":"shipping-taxable","11":"purchasable","12":"product-type-simple"},"_links":{"self":[{"href":"https:\/\/arotech.fi\/en\/wp-json\/wp\/v2\/product\/734","targetHints":{"allow":["GET"]}}],"collection":[{"href":"https:\/\/arotech.fi\/en\/wp-json\/wp\/v2\/product"}],"about":[{"href":"https:\/\/arotech.fi\/en\/wp-json\/wp\/v2\/types\/product"}],"wp:featuredmedia":[{"embeddable":true,"href":"https:\/\/arotech.fi\/en\/wp-json\/wp\/v2\/media\/1730"}],"wp:attachment":[{"href":"https:\/\/arotech.fi\/en\/wp-json\/wp\/v2\/media?parent=734"}],"wp:term":[{"taxonomy":"product_brand","embeddable":true,"href":"https:\/\/arotech.fi\/en\/wp-json\/wp\/v2\/product_brand?post=734"},{"taxonomy":"product_cat","embeddable":true,"href":"https:\/\/arotech.fi\/en\/wp-json\/wp\/v2\/product_cat?post=734"},{"taxonomy":"product_tag","embeddable":true,"href":"https:\/\/arotech.fi\/en\/wp-json\/wp\/v2\/product_tag?post=734"}],"curies":[{"name":"wp","href":"https:\/\/api.w.org\/{rel}","templated":true}]}}