{"id":728,"date":"2023-12-05T13:50:15","date_gmt":"2023-12-05T11:50:15","guid":{"rendered":"https:\/\/arotech.fi\/?post_type=product&#038;p=728"},"modified":"2026-01-12T10:08:25","modified_gmt":"2026-01-12T08:08:25","slug":"akemi-triple-effect-spray","status":"publish","type":"product","link":"https:\/\/arotech.fi\/en\/product\/akemi-triple-effect-spray\/","title":{"rendered":"Akemi Triple Effect Spray &#8211; Kolmitehoinen Kivenhoitoaine"},"content":{"rendered":"","protected":false},"excerpt":{"rendered":"<p>Kolmitehoinen elintarviketurvallinen hoitoaine syv\u00e4puhdistaa, palauttaa kiillon sek\u00e4 antaa suojan vedelle, \u00f6ljylle ja rasvalle, luomatta kuitenkaan kalvoa kiven pinnalle. Viikoittaiseen puhdistukseen pienemmille pinnoille kuten kivitasoille. Valmis k\u00e4ytt\u00f6liuos. Pakkauskoko 500 ml<\/p>\n<p>No: 907846<\/p>","protected":false},"featured_media":1731,"template":"","meta":{"_et_pb_use_builder":"","_et_pb_old_content":"","_et_gb_content_width":""},"product_brand":[],"product_cat":[15],"product_tag":[],"class_list":{"0":"post-728","1":"product","2":"type-product","3":"status-publish","4":"has-post-thumbnail","6":"product_cat-yleinen","8":"first","9":"instock","10":"shipping-taxable","11":"purchasable","12":"product-type-simple"},"_links":{"self":[{"href":"https:\/\/arotech.fi\/en\/wp-json\/wp\/v2\/product\/728","targetHints":{"allow":["GET"]}}],"collection":[{"href":"https:\/\/arotech.fi\/en\/wp-json\/wp\/v2\/product"}],"about":[{"href":"https:\/\/arotech.fi\/en\/wp-json\/wp\/v2\/types\/product"}],"wp:featuredmedia":[{"embeddable":true,"href":"https:\/\/arotech.fi\/en\/wp-json\/wp\/v2\/media\/1731"}],"wp:attachment":[{"href":"https:\/\/arotech.fi\/en\/wp-json\/wp\/v2\/media?parent=728"}],"wp:term":[{"taxonomy":"product_brand","embeddable":true,"href":"https:\/\/arotech.fi\/en\/wp-json\/wp\/v2\/product_brand?post=728"},{"taxonomy":"product_cat","embeddable":true,"href":"https:\/\/arotech.fi\/en\/wp-json\/wp\/v2\/product_cat?post=728"},{"taxonomy":"product_tag","embeddable":true,"href":"https:\/\/arotech.fi\/en\/wp-json\/wp\/v2\/product_tag?post=728"}],"curies":[{"name":"wp","href":"https:\/\/api.w.org\/{rel}","templated":true}]}}